{"id":484728,"date":"2020-07-24T10:42:54","date_gmt":"2020-07-24T08:42:17","guid":{"rendered":"https:\/\/adtecso.com\/shop\/?post_type=product&#038;p=484728"},"modified":"2024-03-27T19:27:42","modified_gmt":"2024-03-27T18:27:42","slug":"cdpc01-pulse-oximeter","status":"publish","type":"product","link":"https:\/\/www.adtecso.com\/en\/product\/cdpc01-pulse-oximeter\/","title":{"rendered":"CDPC01 Pulse Oximeter"},"content":{"rendered":"<p><strong>CDPC01 Pulse Oximeter<\/strong><\/p>\n<p>Shortness of breath is one of the symptoms associated with the new coronavirus. Although most of the time it is an easy sign to detect it may not always be so, as there are <strong>cases in which this problem is not perceived by the patient<\/strong>, leading to hypoxia or silent lack of air.<\/p>\n<p>Pulse oximeters are devices used to measure blood oxygen saturation <strong>through polarized light<\/strong>.<\/p>\n<p>CDPC01 Pulse Oximeter is a portable device that uses advanced technology, primarily checking SpO2 and heart rate through your finger.<\/p>\n<div id='gallery-1' class='gallery galleryid-484728 gallery-columns-4 gallery-size-medium'><figure class='gallery-item'>\n\t\t\t<div class='gallery-icon landscape'>\n\t\t\t\t<a href='https:\/\/www.adtecso.com\/shop\/wp-content\/uploads\/2020\/07\/Ox\u00edmetro-de-pulso-o-pulsiox\u00edmetro-CDPC01_1.jpg'><img loading=\"lazy\" decoding=\"async\" width=\"300\" height=\"261\" src=\"https:\/\/www.adtecso.com\/shop\/wp-content\/uploads\/2020\/07\/Ox\u00edmetro-de-pulso-o-pulsiox\u00edmetro-CDPC01_1-300x261.jpg\" class=\"attachment-medium size-medium\" alt=\"Ox\u00edmetro de pulso o pulsiox\u00edmetro CDPC01\" srcset=\"https:\/\/www.adtecso.com\/shop\/wp-content\/uploads\/2020\/07\/Ox\u00edmetro-de-pulso-o-pulsiox\u00edmetro-CDPC01_1-300x261.jpg 300w, https:\/\/www.adtecso.com\/shop\/wp-content\/uploads\/2020\/07\/Ox\u00edmetro-de-pulso-o-pulsiox\u00edmetro-CDPC01_1-768x668.jpg 768w, https:\/\/www.adtecso.com\/shop\/wp-content\/uploads\/2020\/07\/Ox\u00edmetro-de-pulso-o-pulsiox\u00edmetro-CDPC01_1-416x362.jpg 416w, https:\/\/www.adtecso.com\/shop\/wp-content\/uploads\/2020\/07\/Ox\u00edmetro-de-pulso-o-pulsiox\u00edmetro-CDPC01_1.jpg 828w\" sizes=\"auto, (max-width: 300px) 100vw, 300px\" \/><\/a>\n\t\t\t<\/div><\/figure><figure class='gallery-item'>\n\t\t\t<div class='gallery-icon landscape'>\n\t\t\t\t<a href='https:\/\/www.adtecso.com\/shop\/wp-content\/uploads\/2020\/07\/Ox\u00edmetro-de-pulso-o-pulsiox\u00edmetro-CDPC01_4.jpg'><img loading=\"lazy\" decoding=\"async\" width=\"300\" height=\"300\" src=\"https:\/\/www.adtecso.com\/shop\/wp-content\/uploads\/2020\/07\/Ox\u00edmetro-de-pulso-o-pulsiox\u00edmetro-CDPC01_4-300x300.jpg\" class=\"attachment-medium size-medium\" alt=\"Ox\u00edmetro de pulso o pulsiox\u00edmetro CDPC01\" srcset=\"https:\/\/www.adtecso.com\/shop\/wp-content\/uploads\/2020\/07\/Ox\u00edmetro-de-pulso-o-pulsiox\u00edmetro-CDPC01_4-300x300.jpg 300w, https:\/\/www.adtecso.com\/shop\/wp-content\/uploads\/2020\/07\/Ox\u00edmetro-de-pulso-o-pulsiox\u00edmetro-CDPC01_4-150x150.jpg 150w, https:\/\/www.adtecso.com\/shop\/wp-content\/uploads\/2020\/07\/Ox\u00edmetro-de-pulso-o-pulsiox\u00edmetro-CDPC01_4-324x324.jpg 324w, https:\/\/www.adtecso.com\/shop\/wp-content\/uploads\/2020\/07\/Ox\u00edmetro-de-pulso-o-pulsiox\u00edmetro-CDPC01_4-416x416.jpg 416w, https:\/\/www.adtecso.com\/shop\/wp-content\/uploads\/2020\/07\/Ox\u00edmetro-de-pulso-o-pulsiox\u00edmetro-CDPC01_4-100x100.jpg 100w, https:\/\/www.adtecso.com\/shop\/wp-content\/uploads\/2020\/07\/Ox\u00edmetro-de-pulso-o-pulsiox\u00edmetro-CDPC01_4.jpg 720w\" sizes=\"auto, (max-width: 300px) 100vw, 300px\" \/><\/a>\n\t\t\t<\/div><\/figure><figure class='gallery-item'>\n\t\t\t<div class='gallery-icon portrait'>\n\t\t\t\t<a href='https:\/\/www.adtecso.com\/shop\/wp-content\/uploads\/2020\/07\/Ox\u00edmetro-de-pulso-o-pulsiox\u00edmetro-CDPC01_2.jpg'><img loading=\"lazy\" decoding=\"async\" width=\"289\" height=\"300\" src=\"https:\/\/www.adtecso.com\/shop\/wp-content\/uploads\/2020\/07\/Ox\u00edmetro-de-pulso-o-pulsiox\u00edmetro-CDPC01_2-289x300.jpg\" class=\"attachment-medium size-medium\" alt=\"Ox\u00edmetro de pulso o pulsiox\u00edmetro CDPC01\" srcset=\"https:\/\/www.adtecso.com\/shop\/wp-content\/uploads\/2020\/07\/Ox\u00edmetro-de-pulso-o-pulsiox\u00edmetro-CDPC01_2-289x300.jpg 289w, https:\/\/www.adtecso.com\/shop\/wp-content\/uploads\/2020\/07\/Ox\u00edmetro-de-pulso-o-pulsiox\u00edmetro-CDPC01_2-416x432.jpg 416w, https:\/\/www.adtecso.com\/shop\/wp-content\/uploads\/2020\/07\/Ox\u00edmetro-de-pulso-o-pulsiox\u00edmetro-CDPC01_2.jpg 693w\" sizes=\"auto, (max-width: 289px) 100vw, 289px\" \/><\/a>\n\t\t\t<\/div><\/figure><figure class='gallery-item'>\n\t\t\t<div class='gallery-icon landscape'>\n\t\t\t\t<a href='https:\/\/www.adtecso.com\/shop\/wp-content\/uploads\/2020\/07\/Ox\u00edmetro-de-pulso-o-pulsiox\u00edmetro-CDPC01_3.jpg'><img loading=\"lazy\" decoding=\"async\" width=\"300\" height=\"300\" src=\"https:\/\/www.adtecso.com\/shop\/wp-content\/uploads\/2020\/07\/Ox\u00edmetro-de-pulso-o-pulsiox\u00edmetro-CDPC01_3-300x300.jpg\" class=\"attachment-medium size-medium\" alt=\"Ox\u00edmetro de pulso o pulsiox\u00edmetro CDPC01\" srcset=\"https:\/\/www.adtecso.com\/shop\/wp-content\/uploads\/2020\/07\/Ox\u00edmetro-de-pulso-o-pulsiox\u00edmetro-CDPC01_3-300x300.jpg 300w, https:\/\/www.adtecso.com\/shop\/wp-content\/uploads\/2020\/07\/Ox\u00edmetro-de-pulso-o-pulsiox\u00edmetro-CDPC01_3-150x150.jpg 150w, https:\/\/www.adtecso.com\/shop\/wp-content\/uploads\/2020\/07\/Ox\u00edmetro-de-pulso-o-pulsiox\u00edmetro-CDPC01_3-324x324.jpg 324w, https:\/\/www.adtecso.com\/shop\/wp-content\/uploads\/2020\/07\/Ox\u00edmetro-de-pulso-o-pulsiox\u00edmetro-CDPC01_3-416x416.jpg 416w, https:\/\/www.adtecso.com\/shop\/wp-content\/uploads\/2020\/07\/Ox\u00edmetro-de-pulso-o-pulsiox\u00edmetro-CDPC01_3-100x100.jpg 100w, https:\/\/www.adtecso.com\/shop\/wp-content\/uploads\/2020\/07\/Ox\u00edmetro-de-pulso-o-pulsiox\u00edmetro-CDPC01_3.jpg 720w\" sizes=\"auto, (max-width: 300px) 100vw, 300px\" \/><\/a>\n\t\t\t<\/div><\/figure>\n\t\t<\/div>\n\n<p>The device is placed on the finger, so <strong>when the polarized light passes through the finger &#8220;the red blood cells that circulate through the body can be measured&#8221;.<\/strong> The device interprets how much hemoglobin is circulating through it so that it can calculate the oxygen saturation in the blood.<\/p>\n<p>Normal blood oxygen values are around 95% or 100% and oxygen saturation values will be around 90% or 100%.<\/p>\n<p>Being below these levels would be a clear sign of low oxygen in the blood and entails a warning sign.<\/p>\n<p><strong>Oxygen saturation is the percentage of Hb02 in total Hb in the blood<\/strong>, called a concentration of 02 in the blood. It&#8217;s an important bioparameter for breathing<\/p>\n<p>In order to measure the Sp02 more easily and accurately, our company developed the Pulse Oximeter. At the same time, the device can measure the heart rate simultaneously.<\/p>\n<p>The pulse oximeter has a small size, low power consumption, and is both easy to use and portable. The patient must simply place a finger in a photoelectric sensor for diagnosis, and a display screen will directly display the value of hemoglobin saturation measured.<\/p>\n<p><span style=\"color: #ff0000;\"><strong>CE, RoHS, FDA, ISO9001, ISO13485<\/strong><\/span><\/p>\n<p><span style=\"color: #ff0000;\"><strong>Class 11 b, (MDD93 \/ 42 \/ EEC IX Rule 10)<\/strong><\/span><\/p>\n<h4><strong>3<\/strong><strong>\u00a0Functions in one device!<\/strong><\/h4>\n<ul>\n<li>Measuring oxygen saturation in the blood.<\/li>\n<li>Heart rate.<\/li>\n<li>Perfusion index.<\/li>\n<\/ul>\n<h4><strong>\u00a0<\/strong><strong>Features<\/strong><\/h4>\n<ul>\n<li>The device is easy to use.<\/li>\n<li>The product is small, light (the total weight is approximately 50 g, including batteries) and easy to carry.<\/li>\n<li>The power consumption of the product is low and two AAA batteries can run continuously for 20 hours.<\/li>\n<li>The product will turn off automatically when there is no signal in 5 seconds.<\/li>\n<\/ul>\n<div id='gallery-2' class='gallery galleryid-484728 gallery-columns-2 gallery-size-medium'><figure class='gallery-item'>\n\t\t\t<div class='gallery-icon landscape'>\n\t\t\t\t<a href='https:\/\/www.adtecso.com\/shop\/wp-content\/uploads\/2020\/07\/Ox\u00edmetro-de-pulso-o-pulsiox\u00edmetro-CDPC01_5.jpg'><img loading=\"lazy\" decoding=\"async\" width=\"300\" height=\"229\" src=\"https:\/\/www.adtecso.com\/shop\/wp-content\/uploads\/2020\/07\/Ox\u00edmetro-de-pulso-o-pulsiox\u00edmetro-CDPC01_5-300x229.jpg\" class=\"attachment-medium size-medium\" alt=\"Ox\u00edmetro de pulso o pulsiox\u00edmetro CDPC01\" srcset=\"https:\/\/www.adtecso.com\/shop\/wp-content\/uploads\/2020\/07\/Ox\u00edmetro-de-pulso-o-pulsiox\u00edmetro-CDPC01_5-300x229.jpg 300w, https:\/\/www.adtecso.com\/shop\/wp-content\/uploads\/2020\/07\/Ox\u00edmetro-de-pulso-o-pulsiox\u00edmetro-CDPC01_5-768x586.jpg 768w, https:\/\/www.adtecso.com\/shop\/wp-content\/uploads\/2020\/07\/Ox\u00edmetro-de-pulso-o-pulsiox\u00edmetro-CDPC01_5-416x318.jpg 416w, https:\/\/www.adtecso.com\/shop\/wp-content\/uploads\/2020\/07\/Ox\u00edmetro-de-pulso-o-pulsiox\u00edmetro-CDPC01_5.jpg 943w\" sizes=\"auto, (max-width: 300px) 100vw, 300px\" \/><\/a>\n\t\t\t<\/div><\/figure><figure class='gallery-item'>\n\t\t\t<div class='gallery-icon landscape'>\n\t\t\t\t<a href='https:\/\/www.adtecso.com\/shop\/wp-content\/uploads\/2020\/07\/Ox\u00edmetro-de-pulso-o-pulsiox\u00edmetro-CDPC01-EN.jpg'><img loading=\"lazy\" decoding=\"async\" width=\"300\" height=\"300\" src=\"https:\/\/www.adtecso.com\/shop\/wp-content\/uploads\/2020\/07\/Ox\u00edmetro-de-pulso-o-pulsiox\u00edmetro-CDPC01-EN-300x300.jpg\" class=\"attachment-medium size-medium\" alt=\"Ox\u00edmetro de pulso o pulsiox\u00edmetro CDPC01\" srcset=\"https:\/\/www.adtecso.com\/shop\/wp-content\/uploads\/2020\/07\/Ox\u00edmetro-de-pulso-o-pulsiox\u00edmetro-CDPC01-EN-300x300.jpg 300w, https:\/\/www.adtecso.com\/shop\/wp-content\/uploads\/2020\/07\/Ox\u00edmetro-de-pulso-o-pulsiox\u00edmetro-CDPC01-EN-150x150.jpg 150w, https:\/\/www.adtecso.com\/shop\/wp-content\/uploads\/2020\/07\/Ox\u00edmetro-de-pulso-o-pulsiox\u00edmetro-CDPC01-EN-324x324.jpg 324w, https:\/\/www.adtecso.com\/shop\/wp-content\/uploads\/2020\/07\/Ox\u00edmetro-de-pulso-o-pulsiox\u00edmetro-CDPC01-EN-416x416.jpg 416w, https:\/\/www.adtecso.com\/shop\/wp-content\/uploads\/2020\/07\/Ox\u00edmetro-de-pulso-o-pulsiox\u00edmetro-CDPC01-EN-100x100.jpg 100w, https:\/\/www.adtecso.com\/shop\/wp-content\/uploads\/2020\/07\/Ox\u00edmetro-de-pulso-o-pulsiox\u00edmetro-CDPC01-EN.jpg 720w\" sizes=\"auto, (max-width: 300px) 100vw, 300px\" \/><\/a>\n\t\t\t<\/div><\/figure>\n\t\t<\/div>\n\n<h4><strong>Main aplications<\/strong><\/h4>\n<p>The pulse oximeter can be used to measure human hemoglobin saturation and heart rate through your finger, indicating pulse intensity using the display bar. The product is ideal for use at home, in a hospital, medical office, social organizations, athletes, etc.<\/p>\n<h4><strong>\u00a0Environment requirement<\/strong><\/h4>\n<ul>\n<li>Storage environment<\/li>\n<li>Temperature: -40 t<\/li>\n<li>Relative humidity: &lt;95%<\/li>\n<li>Atmospheric pressure: 500hPa-1060hPa<\/li>\n<li>Operating environment<\/li>\n<li>Temperature: -40 t<\/li>\n<li>Relative humidity: &lt;75%<\/li>\n<li>Atmospheric pressure: 700hPa-1060hPa<\/li>\n<\/ul>\n<h4><strong>\u00a0<\/strong><strong>Technical specifications<\/strong><\/h4>\n<ul>\n<li>Screen format: OLED display;<\/li>\n<li>SpO2: Measurement range: 0% &#8211; 100%;<\/li>\n<li>Pulse frequency measurement range: 30 bpm -250 bpm;<\/li>\n<li>Pulse wave display: culmination screen and waveform display.<\/li>\n<li>Power required: 2 \u20221.5V AAA alkaline battery (or use rechargeable battery instead), adaptive range: 2.6V-3.6V.<\/li>\n<li>Power consumption: less than 30 mA.<\/li>\n<li>Resolution: I% for Sp02 and 1 bpm for pulse.<\/li>\n<li>Measuring accuracy: 2% in the 70%-100% Sp02 stage, and is not issued when the stage is less than 70%. 2 bpm or 2% (Select larger) for pulse rate.<\/li>\n<li>Measurement performance in weak filling condition: Sp02 and pulse frequency can be displayed correctly when pulse fill ratio is 0.4%. The Sp02 error is 4%, the pulse rate error is 2 bpm or 2% (select larger).<\/li>\n<li>Resistance to surrounding light: the deviation between the value measured under artificial light or inner natural light conditions and that of a dark room is less than \u00b1 I%.<\/li>\n<li>It is equipped with a function switch. The oximeter will shut down if not used in 5 seconds.<\/li>\n<li>Optic sensor<\/li>\n<li>Red light (wavelength is 660 nm, 6.65 mW)<\/li>\n<li>Infrared (wavelength is 880 nm, 6.75 mW)<\/li>\n<\/ul>\n<p>&nbsp;<\/p>\n","protected":false},"excerpt":{"rendered":"<p>Shortness of breath is one of the symptoms associated with the new coronavirus. Although most of the time it is an easy sign to detect it may not always be so, as there are <strong>cases in which this problem is not perceived by the patient<\/strong>, leading to hypoxia or silent lack of air.<\/p>\n<p>Pulse oximeters are devices used to measure blood oxygen saturation <strong>through polarized light<\/strong>.<\/p>\n<p>CDPC01 Pulse Oximeter is a portable device that uses advanced technology, primarily checking SpO2 and heart rate through your finger.<\/p>\n<p><strong><span style=\"color: #ff0000;\">Delivery within 5-7 days<\/span><\/strong><\/p>\n","protected":false},"author":1,"featured_media":484721,"template":"","meta":{"_acf_changed":false,"advgb_blocks_editor_width":"","advgb_blocks_columns_visual_guide":""},"product_brand":[],"product_cat":[6576],"product_tag":[],"class_list":{"0":"post-484728","1":"product","2":"type-product","3":"status-publish","4":"has-post-thumbnail","6":"product_cat-thermometers-and-other-measuring-instruments","8":"first","9":"instock","10":"sale","11":"taxable","12":"shipping-taxable","13":"purchasable","14":"product-type-simple"},"acf":[],"yoast_head":"<!-- This site is optimized with the Yoast SEO plugin v27.5 - https:\/\/yoast.com\/product\/yoast-seo-wordpress\/ -->\n<title>CDPC01 Pulse Oximeter - Adtecso - ADVANCED TECSO, S.L.<\/title>\n<meta name=\"description\" content=\"CDPC01 Pulse Oximeter is a portable device that uses advanced technology, primarily checking SpO2 and heart rate through your finger.\" \/>\n<meta name=\"robots\" content=\"index, follow, max-snippet:-1, max-image-preview:large, max-video-preview:-1\" \/>\n<link rel=\"canonical\" href=\"https:\/\/www.adtecso.com\/en\/product\/cdpc01-pulse-oximeter\/\" \/>\n<meta property=\"og:locale\" content=\"en_US\" \/>\n<meta property=\"og:type\" content=\"article\" \/>\n<meta property=\"og:title\" content=\"CDPC01 Pulse Oximeter - Adtecso - ADVANCED TECSO, S.L.\" \/>\n<meta property=\"og:description\" content=\"CDPC01 Pulse Oximeter is a portable device that uses advanced technology, primarily checking SpO2 and heart rate through your finger.\" \/>\n<meta property=\"og:url\" content=\"https:\/\/www.adtecso.com\/en\/product\/cdpc01-pulse-oximeter\/\" \/>\n<meta property=\"og:site_name\" content=\"Adtecso - ADVANCED TECSO, S.L.\" \/>\n<meta property=\"article:modified_time\" content=\"2024-03-27T18:27:42+00:00\" \/>\n<meta property=\"og:image\" content=\"https:\/\/www.adtecso.com\/shop\/wp-content\/uploads\/2020\/07\/Ox\u00edmetro-de-pulso-o-pulsiox\u00edmetro-CDPC01_3.jpg\" \/>\n\t<meta property=\"og:image:width\" content=\"720\" \/>\n\t<meta property=\"og:image:height\" content=\"720\" \/>\n\t<meta property=\"og:image:type\" content=\"image\/jpeg\" \/>\n<meta name=\"twitter:card\" content=\"summary_large_image\" \/>\n<meta name=\"twitter:label1\" content=\"Est. reading time\" \/>\n\t<meta name=\"twitter:data1\" content=\"3 minutes\" \/>\n<script type=\"application\/ld+json\" class=\"yoast-schema-graph\">{\"@context\":\"https:\\\/\\\/schema.org\",\"@graph\":[{\"@type\":\"WebPage\",\"@id\":\"https:\\\/\\\/www.adtecso.com\\\/en\\\/product\\\/cdpc01-pulse-oximeter\\\/\",\"url\":\"https:\\\/\\\/www.adtecso.com\\\/en\\\/product\\\/cdpc01-pulse-oximeter\\\/\",\"name\":\"CDPC01 Pulse Oximeter - Adtecso - ADVANCED TECSO, S.L.\",\"isPartOf\":{\"@id\":\"https:\\\/\\\/www.adtecso.com\\\/en\\\/#website\"},\"primaryImageOfPage\":{\"@id\":\"https:\\\/\\\/www.adtecso.com\\\/en\\\/product\\\/cdpc01-pulse-oximeter\\\/#primaryimage\"},\"image\":{\"@id\":\"https:\\\/\\\/www.adtecso.com\\\/en\\\/product\\\/cdpc01-pulse-oximeter\\\/#primaryimage\"},\"thumbnailUrl\":\"https:\\\/\\\/www.adtecso.com\\\/shop\\\/wp-content\\\/uploads\\\/2020\\\/07\\\/Ox\u00edmetro-de-pulso-o-pulsiox\u00edmetro-CDPC01_3.jpg\",\"datePublished\":\"2020-07-24T08:42:17+00:00\",\"dateModified\":\"2024-03-27T18:27:42+00:00\",\"description\":\"CDPC01 Pulse Oximeter is a portable device that uses advanced technology, primarily checking SpO2 and heart rate through your finger.\",\"breadcrumb\":{\"@id\":\"https:\\\/\\\/www.adtecso.com\\\/en\\\/product\\\/cdpc01-pulse-oximeter\\\/#breadcrumb\"},\"inLanguage\":\"en-US\",\"potentialAction\":[{\"@type\":\"ReadAction\",\"target\":[\"https:\\\/\\\/www.adtecso.com\\\/en\\\/product\\\/cdpc01-pulse-oximeter\\\/\"]}]},{\"@type\":\"ImageObject\",\"inLanguage\":\"en-US\",\"@id\":\"https:\\\/\\\/www.adtecso.com\\\/en\\\/product\\\/cdpc01-pulse-oximeter\\\/#primaryimage\",\"url\":\"https:\\\/\\\/www.adtecso.com\\\/shop\\\/wp-content\\\/uploads\\\/2020\\\/07\\\/Ox\u00edmetro-de-pulso-o-pulsiox\u00edmetro-CDPC01_3.jpg\",\"contentUrl\":\"https:\\\/\\\/www.adtecso.com\\\/shop\\\/wp-content\\\/uploads\\\/2020\\\/07\\\/Ox\u00edmetro-de-pulso-o-pulsiox\u00edmetro-CDPC01_3.jpg\",\"width\":720,\"height\":720,\"caption\":\"Ox\u00edmetro de pulso o pulsiox\u00edmetro CDPC01\"},{\"@type\":\"BreadcrumbList\",\"@id\":\"https:\\\/\\\/www.adtecso.com\\\/en\\\/product\\\/cdpc01-pulse-oximeter\\\/#breadcrumb\",\"itemListElement\":[{\"@type\":\"ListItem\",\"position\":1,\"name\":\"Portada\",\"item\":\"https:\\\/\\\/www.adtecso.com\\\/en\\\/\"},{\"@type\":\"ListItem\",\"position\":2,\"name\":\"Shop\",\"item\":\"https:\\\/\\\/www.adtecso.com\\\/en\\\/shop\\\/\"},{\"@type\":\"ListItem\",\"position\":3,\"name\":\"CDPC01 Pulse Oximeter\"}]},{\"@type\":\"WebSite\",\"@id\":\"https:\\\/\\\/www.adtecso.com\\\/en\\\/#website\",\"url\":\"https:\\\/\\\/www.adtecso.com\\\/en\\\/\",\"name\":\"adtecso.com\",\"description\":\"Advanced Wellness Technology\",\"publisher\":{\"@id\":\"https:\\\/\\\/www.adtecso.com\\\/en\\\/#organization\"},\"potentialAction\":[{\"@type\":\"SearchAction\",\"target\":{\"@type\":\"EntryPoint\",\"urlTemplate\":\"https:\\\/\\\/www.adtecso.com\\\/en\\\/?s={search_term_string}\"},\"query-input\":{\"@type\":\"PropertyValueSpecification\",\"valueRequired\":true,\"valueName\":\"search_term_string\"}}],\"inLanguage\":\"en-US\"},{\"@type\":\"Organization\",\"@id\":\"https:\\\/\\\/www.adtecso.com\\\/en\\\/#organization\",\"name\":\"Adtecso\",\"url\":\"https:\\\/\\\/www.adtecso.com\\\/en\\\/\",\"logo\":{\"@type\":\"ImageObject\",\"inLanguage\":\"en-US\",\"@id\":\"https:\\\/\\\/www.adtecso.com\\\/en\\\/#\\\/schema\\\/logo\\\/image\\\/\",\"url\":\"https:\\\/\\\/www.adtecso.com\\\/shop\\\/wp-content\\\/uploads\\\/2024\\\/02\\\/cropped-logo_acteso.jpg\",\"contentUrl\":\"https:\\\/\\\/www.adtecso.com\\\/shop\\\/wp-content\\\/uploads\\\/2024\\\/02\\\/cropped-logo_acteso.jpg\",\"width\":1359,\"height\":282,\"caption\":\"Adtecso\"},\"image\":{\"@id\":\"https:\\\/\\\/www.adtecso.com\\\/en\\\/#\\\/schema\\\/logo\\\/image\\\/\"},\"sameAs\":[\"https:\\\/\\\/www.youtube.com\\\/user\\\/cdpsaes\\\/videos\"]}]}<\/script>\n<!-- \/ Yoast SEO plugin. -->","yoast_head_json":{"title":"CDPC01 Pulse Oximeter - Adtecso - ADVANCED TECSO, S.L.","description":"CDPC01 Pulse Oximeter is a portable device that uses advanced technology, primarily checking SpO2 and heart rate through your finger.","robots":{"index":"index","follow":"follow","max-snippet":"max-snippet:-1","max-image-preview":"max-image-preview:large","max-video-preview":"max-video-preview:-1"},"canonical":"https:\/\/www.adtecso.com\/en\/product\/cdpc01-pulse-oximeter\/","og_locale":"en_US","og_type":"article","og_title":"CDPC01 Pulse Oximeter - Adtecso - ADVANCED TECSO, S.L.","og_description":"CDPC01 Pulse Oximeter is a portable device that uses advanced technology, primarily checking SpO2 and heart rate through your finger.","og_url":"https:\/\/www.adtecso.com\/en\/product\/cdpc01-pulse-oximeter\/","og_site_name":"Adtecso - ADVANCED TECSO, S.L.","article_modified_time":"2024-03-27T18:27:42+00:00","og_image":[{"width":720,"height":720,"url":"https:\/\/www.adtecso.com\/shop\/wp-content\/uploads\/2020\/07\/Ox\u00edmetro-de-pulso-o-pulsiox\u00edmetro-CDPC01_3.jpg","type":"image\/jpeg"}],"twitter_card":"summary_large_image","twitter_misc":{"Est. reading time":"3 minutes"},"schema":{"@context":"https:\/\/schema.org","@graph":[{"@type":"WebPage","@id":"https:\/\/www.adtecso.com\/en\/product\/cdpc01-pulse-oximeter\/","url":"https:\/\/www.adtecso.com\/en\/product\/cdpc01-pulse-oximeter\/","name":"CDPC01 Pulse Oximeter - Adtecso - ADVANCED TECSO, S.L.","isPartOf":{"@id":"https:\/\/www.adtecso.com\/en\/#website"},"primaryImageOfPage":{"@id":"https:\/\/www.adtecso.com\/en\/product\/cdpc01-pulse-oximeter\/#primaryimage"},"image":{"@id":"https:\/\/www.adtecso.com\/en\/product\/cdpc01-pulse-oximeter\/#primaryimage"},"thumbnailUrl":"https:\/\/www.adtecso.com\/shop\/wp-content\/uploads\/2020\/07\/Ox\u00edmetro-de-pulso-o-pulsiox\u00edmetro-CDPC01_3.jpg","datePublished":"2020-07-24T08:42:17+00:00","dateModified":"2024-03-27T18:27:42+00:00","description":"CDPC01 Pulse Oximeter is a portable device that uses advanced technology, primarily checking SpO2 and heart rate through your finger.","breadcrumb":{"@id":"https:\/\/www.adtecso.com\/en\/product\/cdpc01-pulse-oximeter\/#breadcrumb"},"inLanguage":"en-US","potentialAction":[{"@type":"ReadAction","target":["https:\/\/www.adtecso.com\/en\/product\/cdpc01-pulse-oximeter\/"]}]},{"@type":"ImageObject","inLanguage":"en-US","@id":"https:\/\/www.adtecso.com\/en\/product\/cdpc01-pulse-oximeter\/#primaryimage","url":"https:\/\/www.adtecso.com\/shop\/wp-content\/uploads\/2020\/07\/Ox\u00edmetro-de-pulso-o-pulsiox\u00edmetro-CDPC01_3.jpg","contentUrl":"https:\/\/www.adtecso.com\/shop\/wp-content\/uploads\/2020\/07\/Ox\u00edmetro-de-pulso-o-pulsiox\u00edmetro-CDPC01_3.jpg","width":720,"height":720,"caption":"Ox\u00edmetro de pulso o pulsiox\u00edmetro CDPC01"},{"@type":"BreadcrumbList","@id":"https:\/\/www.adtecso.com\/en\/product\/cdpc01-pulse-oximeter\/#breadcrumb","itemListElement":[{"@type":"ListItem","position":1,"name":"Portada","item":"https:\/\/www.adtecso.com\/en\/"},{"@type":"ListItem","position":2,"name":"Shop","item":"https:\/\/www.adtecso.com\/en\/shop\/"},{"@type":"ListItem","position":3,"name":"CDPC01 Pulse Oximeter"}]},{"@type":"WebSite","@id":"https:\/\/www.adtecso.com\/en\/#website","url":"https:\/\/www.adtecso.com\/en\/","name":"adtecso.com","description":"Advanced Wellness Technology","publisher":{"@id":"https:\/\/www.adtecso.com\/en\/#organization"},"potentialAction":[{"@type":"SearchAction","target":{"@type":"EntryPoint","urlTemplate":"https:\/\/www.adtecso.com\/en\/?s={search_term_string}"},"query-input":{"@type":"PropertyValueSpecification","valueRequired":true,"valueName":"search_term_string"}}],"inLanguage":"en-US"},{"@type":"Organization","@id":"https:\/\/www.adtecso.com\/en\/#organization","name":"Adtecso","url":"https:\/\/www.adtecso.com\/en\/","logo":{"@type":"ImageObject","inLanguage":"en-US","@id":"https:\/\/www.adtecso.com\/en\/#\/schema\/logo\/image\/","url":"https:\/\/www.adtecso.com\/shop\/wp-content\/uploads\/2024\/02\/cropped-logo_acteso.jpg","contentUrl":"https:\/\/www.adtecso.com\/shop\/wp-content\/uploads\/2024\/02\/cropped-logo_acteso.jpg","width":1359,"height":282,"caption":"Adtecso"},"image":{"@id":"https:\/\/www.adtecso.com\/en\/#\/schema\/logo\/image\/"},"sameAs":["https:\/\/www.youtube.com\/user\/cdpsaes\/videos"]}]}},"featured_img":"https:\/\/www.adtecso.com\/shop\/wp-content\/uploads\/2020\/07\/Ox\u00edmetro-de-pulso-o-pulsiox\u00edmetro-CDPC01_3.jpg","coauthors":[],"author_meta":{"author_link":"https:\/\/www.adtecso.com\/en\/author\/adtecso\/","display_name":"Adtecso"},"relative_dates":{"created":"Posted 6 years ago","modified":"Updated 2 years ago"},"absolute_dates":{"created":"Posted on 24 July, 2020","modified":"Updated on 27 March, 2024"},"absolute_dates_time":{"created":"Posted on 24 July, 2020 10:42","modified":"Updated on 27 March, 2024 19:27"},"featured_img_caption":"","tax_additional":{"product_brand":{"linked":[],"unlinked":[],"slug":"product_brand","name":"Brands"},"product_type":{"linked":["<a href=\"https:\/\/www.adtecso.com\/en\/?taxonomy=product_type&#038;term=simple\" class=\"advgb-post-tax-term\">simple<\/a>"],"unlinked":["<span class=\"advgb-post-tax-term\">simple<\/span>"],"slug":"product_type","name":"Product type"},"product_visibility":{"linked":[],"unlinked":[],"slug":"product_visibility","name":"Product visibility"},"product_cat":{"linked":["<a href=\"https:\/\/www.adtecso.com\/en\/product-categories\/thermometers-and-other-measuring-instruments\/\" class=\"advgb-post-tax-term\">Thermometers and other measuring instruments<\/a>"],"unlinked":["<span class=\"advgb-post-tax-term\">Thermometers and other measuring instruments<\/span>"],"slug":"product_cat","name":"Product categories"},"product_tag":{"linked":[],"unlinked":[],"slug":"product_tag","name":"Product tags"},"product_shipping_class":{"linked":[],"unlinked":[],"slug":"product_shipping_class","name":"Product shipping classes"},"pos_product_visibility":{"linked":[],"unlinked":[],"slug":"pos_product_visibility","name":"POS Product visibility"},"pa_alto":{"linked":[],"unlinked":[],"slug":"pa_alto","name":"Product Alto"},"pa_ancho":{"linked":[],"unlinked":[],"slug":"pa_ancho","name":"Product Ancho"},"pa_cantidad":{"linked":[],"unlinked":[],"slug":"pa_cantidad","name":"Product Selecciona Cantidad"},"pa_capacidad":{"linked":[],"unlinked":[],"slug":"pa_capacidad","name":"Product Capacidad"},"pa_color":{"linked":[],"unlinked":[],"slug":"pa_color","name":"Product Color"},"pa_icu":{"linked":[],"unlinked":[],"slug":"pa_icu","name":"Product Procesador"},"pa_peso":{"linked":[],"unlinked":[],"slug":"pa_peso","name":"Product Peso"},"pa_profundo":{"linked":[],"unlinked":[],"slug":"pa_profundo","name":"Product Profundo"},"pa_tomaauriculares":{"linked":[],"unlinked":[],"slug":"pa_tomaauriculares","name":"Product Toma auriculares"},"translation_priority":{"linked":["<a href=\"https:\/\/www.adtecso.com\/en\/?taxonomy=translation_priority&#038;term=optional\" class=\"advgb-post-tax-term\">Optional<\/a>"],"unlinked":["<span class=\"advgb-post-tax-term\">Optional<\/span>"],"slug":"translation_priority","name":"Translation Priorities"}},"series_order":"","_links":{"self":[{"href":"https:\/\/www.adtecso.com\/en\/wp-json\/wp\/v2\/product\/484728","targetHints":{"allow":["GET"]}}],"collection":[{"href":"https:\/\/www.adtecso.com\/en\/wp-json\/wp\/v2\/product"}],"about":[{"href":"https:\/\/www.adtecso.com\/en\/wp-json\/wp\/v2\/types\/product"}],"wp:featuredmedia":[{"embeddable":true,"href":"https:\/\/www.adtecso.com\/en\/wp-json\/wp\/v2\/media\/484721"}],"wp:attachment":[{"href":"https:\/\/www.adtecso.com\/en\/wp-json\/wp\/v2\/media?parent=484728"}],"wp:term":[{"taxonomy":"product_brand","embeddable":true,"href":"https:\/\/www.adtecso.com\/en\/wp-json\/wp\/v2\/product_brand?post=484728"},{"taxonomy":"product_cat","embeddable":true,"href":"https:\/\/www.adtecso.com\/en\/wp-json\/wp\/v2\/product_cat?post=484728"},{"taxonomy":"product_tag","embeddable":true,"href":"https:\/\/www.adtecso.com\/en\/wp-json\/wp\/v2\/product_tag?post=484728"}],"curies":[{"name":"wp","href":"https:\/\/api.w.org\/{rel}","templated":true}]}}