{"id":484076,"date":"2020-06-03T20:12:05","date_gmt":"2020-06-03T18:14:04","guid":{"rendered":"https:\/\/adtecso.com\/shop\/?post_type=product&#038;p=484076"},"modified":"2024-03-27T12:49:22","modified_gmt":"2024-03-27T11:49:22","slug":"portable-professional-camera-to-measure-temperature-cdpr200","status":"publish","type":"product","link":"https:\/\/www.adtecso.com\/en\/product\/portable-professional-camera-to-measure-temperature-cdpr200\/","title":{"rendered":"Portable professional camera to measure temperature CDPR200"},"content":{"rendered":"<p><strong>Portable professional camera to measure temperature CDPR200<\/strong><\/p>\n<p>The CDPR200 portable thermal imaging camera is a portable thermographic system, to help complement PPE and transmit security.<\/p>\n<h4><strong>Its main advantages are<\/strong><\/h4>\n<ul>\n<li>Set very accurate temperature measurement points (+0.50\u00ba).<\/li>\n<li>Identify risk profiles while maintaining a safe distance.<\/li>\n<li>Quick and easy execution, thanks to its easy and fast use (It&#8217;s portable).<\/li>\n<li>Safeguards public health in case of mass contact.<\/li>\n<li>It can be mounted on a tripod.<\/li>\n<\/ul>\n<h4><strong>Main features<\/strong><\/h4>\n<ul>\n<li>High temperature limit alarm: The customized high temperature limit can be set to 37.3 \u2103 for example. For a temperature measurement of\u00a0 \u226537.3 \u2103, an indicator light and the display will indicate a high temperature alarm, which can effectively and quickly identify people with atypical temperatures<\/li>\n<li>Real-time image transmission: Set USB mode to camera, connect USB cable to computer for real-time images.<\/li>\n<li>Five sampling and display modes: Provides high contrast detail processing and analysis, images can be saved at the same time as sampled.<\/li>\n<li>Personalized temperature unit: \u00baC \/ \u00ba F<\/li>\n<\/ul>\n<h4><strong>Equipment keys<\/strong><\/h4>\n<p><a href=\"https:\/\/adtecso.com\/shop\/en\/?attachment_id=484064\" rel=\"attachment wp-att-484064\"><img loading=\"lazy\" decoding=\"async\" class=\"alignnone wp-image-484064 size-full\" src=\"https:\/\/www.adtecso.com\/shop\/wp-content\/uploads\/2020\/05\/C\u00e1mara-para-medici\u00f3n-de-temperatura-port\u00e1til-CDP-R200_5.jpg\" alt=\"C\u00e1mara para medici\u00f3n de temperatura port\u00e1til CDP-R200\" width=\"399\" height=\"361\" srcset=\"https:\/\/www.adtecso.com\/shop\/wp-content\/uploads\/2020\/05\/C\u00e1mara-para-medici\u00f3n-de-temperatura-port\u00e1til-CDP-R200_5.jpg 399w, https:\/\/www.adtecso.com\/shop\/wp-content\/uploads\/2020\/05\/C\u00e1mara-para-medici\u00f3n-de-temperatura-port\u00e1til-CDP-R200_5-300x271.jpg 300w\" sizes=\"auto, (max-width: 399px) 100vw, 399px\" \/><\/a><\/p>\n<h4><strong>Features of the CDPR200 thermo-graphic camera<\/strong><\/h4>\n<ul>\n<li>TFT 2.8\u201d screen<\/li>\n<li>Infrared resolution: 160 \u00d7 120<\/li>\n<li>Frame rate: 9Hz<\/li>\n<li>Temperature measurement range: 30 \u2103 ~ 45 \u2103<\/li>\n<li>Accuracy: \u00b1 0.5 \u2103 (1m)<\/li>\n<li>Photograph and SD card storage function.<\/li>\n<li>PC software analysis<\/li>\n<li>Point temperature measurement<\/li>\n<li>Real-time image transmission<\/li>\n<li>Visible light (640 \u00d7 480)<\/li>\n<li>USB Type-C interface for charging lithium batteries<\/li>\n<li>Tripod mounting hole 1\/4\u201d<\/li>\n<\/ul>\n<p>&nbsp;<\/p>\n<table border=\"1\" cellspacing=\"0\" cellpadding=\"0\">\n<tbody>\n<tr>\n<td colspan=\"2\" width=\"100%\">\n<h4><strong>Specifications<\/strong><\/h4>\n<\/td>\n<\/tr>\n<tr>\n<td width=\"49%\"><strong>Model<\/strong><\/td>\n<td width=\"51%\"><strong>CDPR200<\/strong><\/td>\n<\/tr>\n<tr>\n<td width=\"49%\">Sensor<\/td>\n<td width=\"51%\">Non-cooled focal plane<\/td>\n<\/tr>\n<tr>\n<td width=\"49%\">Temperature range<\/td>\n<td width=\"51%\">30\u02daC ~ 45\u02daC<\/td>\n<\/tr>\n<tr>\n<td width=\"49%\">Resolution<\/td>\n<td width=\"51%\">0.1\u02daC<\/td>\n<\/tr>\n<tr>\n<td width=\"49%\">Exactness<\/td>\n<td width=\"51%\">\u00b1 0.5\u02daC @ 1m<\/td>\n<\/tr>\n<tr>\n<td width=\"49%\">Minimum measurement distance<\/td>\n<td width=\"51%\">15cm<\/td>\n<\/tr>\n<tr>\n<td width=\"49%\">Temperature measurement response time<\/td>\n<td width=\"51%\">\u2264500ms (95% reading)<\/td>\n<\/tr>\n<tr>\n<td width=\"49%\">Thermal image pixels<\/td>\n<td width=\"51%\">19200 (160 \u00d7 120)<\/td>\n<\/tr>\n<tr>\n<td width=\"49%\">Pixel size<\/td>\n<td width=\"51%\">12\u03bcm<\/td>\n<\/tr>\n<tr>\n<td width=\"49%\">Palettes<\/td>\n<td width=\"51%\">Red iron, rainbow, white, black, red, lava, high contrast rainbow<\/td>\n<\/tr>\n<tr>\n<td width=\"49%\">Infrared spectroscopy bandwidth<\/td>\n<td width=\"51%\">8 ~ 14\u03bcm<\/td>\n<\/tr>\n<tr>\n<td width=\"49%\">Field of view<\/td>\n<td width=\"51%\">56 \u00b0 (H) \u00d7 42 \u00b0 (V)<\/td>\n<\/tr>\n<tr>\n<td width=\"49%\">Instantaneous field of view<\/td>\n<td width=\"51%\">6mrad<\/td>\n<\/tr>\n<tr>\n<td width=\"49%\">Thermal imaging sensitivity<\/td>\n<td width=\"51%\">\uff1c50mk<\/td>\n<\/tr>\n<tr>\n<td width=\"49%\">Frames per second<\/td>\n<td width=\"51%\">\uff1c9Hz<\/td>\n<\/tr>\n<tr>\n<td width=\"49%\">Viewing temperature<\/td>\n<td width=\"51%\">(default)<\/td>\n<\/tr>\n<tr>\n<td width=\"49%\">Image format<\/td>\n<td width=\"51%\">BMP<\/td>\n<\/tr>\n<tr>\n<td rowspan=\"2\" width=\"49%\">Buttons<\/td>\n<td width=\"51%\">Power button, camera button, return button, navigation buttons,<\/td>\n<\/tr>\n<tr>\n<td width=\"51%\">SET button, LED lighting button<\/td>\n<\/tr>\n<tr>\n<td width=\"49%\">Image mode<\/td>\n<td width=\"51%\">Thermal imaging, digital camera (visible light), protection<\/td>\n<\/tr>\n<tr>\n<td width=\"49%\">Temperature measuring point<\/td>\n<td width=\"51%\">In addition to the center point, 3 temperature measurement points can be added<\/td>\n<\/tr>\n<tr>\n<td width=\"49%\">Visible light<\/td>\n<td width=\"51%\">\u221a<\/td>\n<\/tr>\n<tr>\n<td width=\"49%\">Resolution of visible light<\/td>\n<td width=\"51%\">640 \u00d7 480<\/td>\n<\/tr>\n<tr>\n<td width=\"49%\">Screen resolution<\/td>\n<td width=\"51%\">320 \u00d7 240<\/td>\n<\/tr>\n<tr>\n<td width=\"49%\">Mixed adjustment<\/td>\n<td width=\"51%\">0% (Total visible light), 25%, 50%, 75%, 100% (total thermal images)<\/td>\n<\/tr>\n<tr>\n<td width=\"49%\">Pc software analysis (PC)<\/td>\n<td width=\"51%\">\u221a<\/td>\n<\/tr>\n<tr>\n<td width=\"49%\">Real-time image transmission<\/td>\n<td width=\"51%\">\u221a (PC software image projection)<\/td>\n<\/tr>\n<tr>\n<td width=\"49%\">Data communication<\/td>\n<td width=\"51%\">USB type C<\/td>\n<\/tr>\n<tr>\n<td width=\"49%\">Auto power off<\/td>\n<td width=\"51%\">Selectable (5 minutes, 10 minutes, 30 minutes), 30-minute auto power off (default)<\/td>\n<\/tr>\n<tr>\n<td width=\"49%\">Service time<\/td>\n<td width=\"51%\">\u22676 hours<\/td>\n<\/tr>\n<tr>\n<td width=\"49%\">Charging time<\/td>\n<td width=\"51%\">\u22665 hours<\/td>\n<\/tr>\n<tr>\n<td width=\"49%\">Charging voltaje \/ current<\/td>\n<td width=\"51%\">5V \/ 2A<\/td>\n<\/tr>\n<tr>\n<td width=\"49%\">Image storage<\/td>\n<td width=\"51%\">SD micro card<\/td>\n<\/tr>\n<tr>\n<td colspan=\"2\" width=\"100%\">\n<h4><strong>General characteristics<\/strong><\/h4>\n<\/td>\n<\/tr>\n<tr>\n<td width=\"49%\">Power<\/td>\n<td width=\"51%\">A single 3.7V \/ 5000mAh 26650 lithium-ion battery<\/td>\n<\/tr>\n<tr>\n<td width=\"49%\">Monitor<\/td>\n<td width=\"51%\">LCD TFT 2.8 &#8220;<\/td>\n<\/tr>\n<tr>\n<td width=\"49%\">Product color<\/td>\n<td width=\"51%\">Red and grey<\/td>\n<\/tr>\n<tr>\n<td width=\"49%\">Product size<\/td>\n<td width=\"51%\">236 mm x 75.5 mm x 86 mm<\/td>\n<\/tr>\n<tr>\n<td width=\"49%\">Standard accessories<\/td>\n<td width=\"51%\">Manual, C type USB cable USB, TF card of 16 GB<\/td>\n<\/tr>\n<tr>\n<td width=\"49%\">Gross weight of standard box<\/td>\n<td width=\"51%\">2.2kg<\/td>\n<\/tr>\n<\/tbody>\n<\/table>\n<p>&nbsp;<\/p>\n<p>&nbsp;<\/p>\n<p>&nbsp;<\/p>\n","protected":false},"excerpt":{"rendered":"<p>The CDPR200 portable thermal imaging camera is a portable thermographic system, to help complement PPE and transmit security.<\/p>\n<p><strong>Its main advantages are<\/strong><\/p>\n<ul>\n<li>Set very accurate temperature measurement points (+0.50\u00ba).<\/li>\n<li>Identify risk profiles while maintaining a safe distance.<\/li>\n<li>Quick and easy execution, thanks to its easy and fast use (It&#8217;s portable).<\/li>\n<li>Safeguards public health in case of mass contact.<\/li>\n<li>It can be mounted on a tripod.<\/li>\n<\/ul>\n<p><span style=\"color: #ff6600;\"><strong>Delivery between 7 and 10 days<\/strong><\/span><\/p>\n","protected":false},"author":1,"featured_media":484065,"template":"","meta":{"_acf_changed":false,"advgb_blocks_editor_width":"","advgb_blocks_columns_visual_guide":""},"product_brand":[],"product_cat":[6585,6576],"product_tag":[6603],"class_list":{"0":"post-484076","1":"product","2":"type-product","3":"status-publish","4":"has-post-thumbnail","6":"product_cat-capacity-control-systems-and-thermographic-cameras","7":"product_cat-thermometers-and-other-measuring-instruments","8":"product_tag-termometro-en","10":"first","11":"instock","12":"taxable","13":"shipping-taxable","14":"purchasable","15":"product-type-simple"},"acf":[],"yoast_head":"<!-- This site is optimized with the Yoast SEO plugin v27.5 - https:\/\/yoast.com\/product\/yoast-seo-wordpress\/ -->\n<title>Portable professional camera to measure temperature CDPR200<\/title>\n<meta name=\"description\" content=\"Portable professional camera to measure temperature CDPR200. is a portable thermographic system, to help complement PPE and transmit security\" \/>\n<meta name=\"robots\" content=\"index, follow, max-snippet:-1, max-image-preview:large, max-video-preview:-1\" \/>\n<link rel=\"canonical\" href=\"https:\/\/www.adtecso.com\/en\/product\/portable-professional-camera-to-measure-temperature-cdpr200\/\" \/>\n<meta property=\"og:locale\" content=\"en_US\" \/>\n<meta property=\"og:type\" content=\"article\" \/>\n<meta property=\"og:title\" content=\"Portable professional camera to measure temperature CDPR200\" \/>\n<meta property=\"og:description\" content=\"Portable professional camera to measure temperature CDPR200. is a portable thermographic system, to help complement PPE and transmit security\" \/>\n<meta property=\"og:url\" content=\"https:\/\/www.adtecso.com\/en\/product\/portable-professional-camera-to-measure-temperature-cdpr200\/\" \/>\n<meta property=\"og:site_name\" content=\"Adtecso - ADVANCED TECSO, S.L.\" \/>\n<meta property=\"article:modified_time\" content=\"2024-03-27T11:49:22+00:00\" \/>\n<meta property=\"og:image\" content=\"https:\/\/www.adtecso.com\/shop\/wp-content\/uploads\/2020\/05\/C\u00e1mara-para-medici\u00f3n-de-temperatura-port\u00e1til-CDP-R200_5.jpg\" \/>\n\t<meta property=\"og:image:width\" content=\"399\" \/>\n\t<meta property=\"og:image:height\" content=\"361\" \/>\n\t<meta property=\"og:image:type\" content=\"image\/jpeg\" \/>\n<meta name=\"twitter:card\" content=\"summary_large_image\" \/>\n<meta name=\"twitter:label1\" content=\"Est. reading time\" \/>\n\t<meta name=\"twitter:data1\" content=\"3 minutes\" \/>\n<script type=\"application\/ld+json\" class=\"yoast-schema-graph\">{\"@context\":\"https:\\\/\\\/schema.org\",\"@graph\":[{\"@type\":\"WebPage\",\"@id\":\"https:\\\/\\\/www.adtecso.com\\\/en\\\/product\\\/portable-professional-camera-to-measure-temperature-cdpr200\\\/\",\"url\":\"https:\\\/\\\/www.adtecso.com\\\/en\\\/product\\\/portable-professional-camera-to-measure-temperature-cdpr200\\\/\",\"name\":\"Portable professional camera to measure temperature CDPR200\",\"isPartOf\":{\"@id\":\"https:\\\/\\\/www.adtecso.com\\\/en\\\/#website\"},\"primaryImageOfPage\":{\"@id\":\"https:\\\/\\\/www.adtecso.com\\\/en\\\/product\\\/portable-professional-camera-to-measure-temperature-cdpr200\\\/#primaryimage\"},\"image\":{\"@id\":\"https:\\\/\\\/www.adtecso.com\\\/en\\\/product\\\/portable-professional-camera-to-measure-temperature-cdpr200\\\/#primaryimage\"},\"thumbnailUrl\":\"https:\\\/\\\/www.adtecso.com\\\/shop\\\/wp-content\\\/uploads\\\/2020\\\/05\\\/C\u00e1mara-para-medici\u00f3n-de-temperatura-port\u00e1til-CDP-R200_5.jpg\",\"datePublished\":\"2020-06-03T18:14:04+00:00\",\"dateModified\":\"2024-03-27T11:49:22+00:00\",\"description\":\"Portable professional camera to measure temperature CDPR200. is a portable thermographic system, to help complement PPE and transmit security\",\"breadcrumb\":{\"@id\":\"https:\\\/\\\/www.adtecso.com\\\/en\\\/product\\\/portable-professional-camera-to-measure-temperature-cdpr200\\\/#breadcrumb\"},\"inLanguage\":\"en-US\",\"potentialAction\":[{\"@type\":\"ReadAction\",\"target\":[\"https:\\\/\\\/www.adtecso.com\\\/en\\\/product\\\/portable-professional-camera-to-measure-temperature-cdpr200\\\/\"]}]},{\"@type\":\"ImageObject\",\"inLanguage\":\"en-US\",\"@id\":\"https:\\\/\\\/www.adtecso.com\\\/en\\\/product\\\/portable-professional-camera-to-measure-temperature-cdpr200\\\/#primaryimage\",\"url\":\"https:\\\/\\\/www.adtecso.com\\\/shop\\\/wp-content\\\/uploads\\\/2020\\\/05\\\/C\u00e1mara-para-medici\u00f3n-de-temperatura-port\u00e1til-CDP-R200_5.jpg\",\"contentUrl\":\"https:\\\/\\\/www.adtecso.com\\\/shop\\\/wp-content\\\/uploads\\\/2020\\\/05\\\/C\u00e1mara-para-medici\u00f3n-de-temperatura-port\u00e1til-CDP-R200_5.jpg\",\"width\":399,\"height\":361,\"caption\":\"C\u00e1mara para medici\u00f3n de temperatura port\u00e1til CDP-R200\"},{\"@type\":\"BreadcrumbList\",\"@id\":\"https:\\\/\\\/www.adtecso.com\\\/en\\\/product\\\/portable-professional-camera-to-measure-temperature-cdpr200\\\/#breadcrumb\",\"itemListElement\":[{\"@type\":\"ListItem\",\"position\":1,\"name\":\"Portada\",\"item\":\"https:\\\/\\\/www.adtecso.com\\\/en\\\/\"},{\"@type\":\"ListItem\",\"position\":2,\"name\":\"Shop\",\"item\":\"https:\\\/\\\/www.adtecso.com\\\/en\\\/shop\\\/\"},{\"@type\":\"ListItem\",\"position\":3,\"name\":\"Portable professional camera to measure temperature CDPR200\"}]},{\"@type\":\"WebSite\",\"@id\":\"https:\\\/\\\/www.adtecso.com\\\/en\\\/#website\",\"url\":\"https:\\\/\\\/www.adtecso.com\\\/en\\\/\",\"name\":\"adtecso.com\",\"description\":\"Advanced Wellness Technology\",\"publisher\":{\"@id\":\"https:\\\/\\\/www.adtecso.com\\\/en\\\/#organization\"},\"potentialAction\":[{\"@type\":\"SearchAction\",\"target\":{\"@type\":\"EntryPoint\",\"urlTemplate\":\"https:\\\/\\\/www.adtecso.com\\\/en\\\/?s={search_term_string}\"},\"query-input\":{\"@type\":\"PropertyValueSpecification\",\"valueRequired\":true,\"valueName\":\"search_term_string\"}}],\"inLanguage\":\"en-US\"},{\"@type\":\"Organization\",\"@id\":\"https:\\\/\\\/www.adtecso.com\\\/en\\\/#organization\",\"name\":\"Adtecso\",\"url\":\"https:\\\/\\\/www.adtecso.com\\\/en\\\/\",\"logo\":{\"@type\":\"ImageObject\",\"inLanguage\":\"en-US\",\"@id\":\"https:\\\/\\\/www.adtecso.com\\\/en\\\/#\\\/schema\\\/logo\\\/image\\\/\",\"url\":\"https:\\\/\\\/www.adtecso.com\\\/shop\\\/wp-content\\\/uploads\\\/2024\\\/02\\\/cropped-logo_acteso.jpg\",\"contentUrl\":\"https:\\\/\\\/www.adtecso.com\\\/shop\\\/wp-content\\\/uploads\\\/2024\\\/02\\\/cropped-logo_acteso.jpg\",\"width\":1359,\"height\":282,\"caption\":\"Adtecso\"},\"image\":{\"@id\":\"https:\\\/\\\/www.adtecso.com\\\/en\\\/#\\\/schema\\\/logo\\\/image\\\/\"},\"sameAs\":[\"https:\\\/\\\/www.youtube.com\\\/user\\\/cdpsaes\\\/videos\"]}]}<\/script>\n<!-- \/ Yoast SEO plugin. -->","yoast_head_json":{"title":"Portable professional camera to measure temperature CDPR200","description":"Portable professional camera to measure temperature CDPR200. is a portable thermographic system, to help complement PPE and transmit security","robots":{"index":"index","follow":"follow","max-snippet":"max-snippet:-1","max-image-preview":"max-image-preview:large","max-video-preview":"max-video-preview:-1"},"canonical":"https:\/\/www.adtecso.com\/en\/product\/portable-professional-camera-to-measure-temperature-cdpr200\/","og_locale":"en_US","og_type":"article","og_title":"Portable professional camera to measure temperature CDPR200","og_description":"Portable professional camera to measure temperature CDPR200. is a portable thermographic system, to help complement PPE and transmit security","og_url":"https:\/\/www.adtecso.com\/en\/product\/portable-professional-camera-to-measure-temperature-cdpr200\/","og_site_name":"Adtecso - ADVANCED TECSO, S.L.","article_modified_time":"2024-03-27T11:49:22+00:00","og_image":[{"width":399,"height":361,"url":"https:\/\/www.adtecso.com\/shop\/wp-content\/uploads\/2020\/05\/C\u00e1mara-para-medici\u00f3n-de-temperatura-port\u00e1til-CDP-R200_5.jpg","type":"image\/jpeg"}],"twitter_card":"summary_large_image","twitter_misc":{"Est. reading time":"3 minutes"},"schema":{"@context":"https:\/\/schema.org","@graph":[{"@type":"WebPage","@id":"https:\/\/www.adtecso.com\/en\/product\/portable-professional-camera-to-measure-temperature-cdpr200\/","url":"https:\/\/www.adtecso.com\/en\/product\/portable-professional-camera-to-measure-temperature-cdpr200\/","name":"Portable professional camera to measure temperature CDPR200","isPartOf":{"@id":"https:\/\/www.adtecso.com\/en\/#website"},"primaryImageOfPage":{"@id":"https:\/\/www.adtecso.com\/en\/product\/portable-professional-camera-to-measure-temperature-cdpr200\/#primaryimage"},"image":{"@id":"https:\/\/www.adtecso.com\/en\/product\/portable-professional-camera-to-measure-temperature-cdpr200\/#primaryimage"},"thumbnailUrl":"https:\/\/www.adtecso.com\/shop\/wp-content\/uploads\/2020\/05\/C\u00e1mara-para-medici\u00f3n-de-temperatura-port\u00e1til-CDP-R200_5.jpg","datePublished":"2020-06-03T18:14:04+00:00","dateModified":"2024-03-27T11:49:22+00:00","description":"Portable professional camera to measure temperature CDPR200. is a portable thermographic system, to help complement PPE and transmit security","breadcrumb":{"@id":"https:\/\/www.adtecso.com\/en\/product\/portable-professional-camera-to-measure-temperature-cdpr200\/#breadcrumb"},"inLanguage":"en-US","potentialAction":[{"@type":"ReadAction","target":["https:\/\/www.adtecso.com\/en\/product\/portable-professional-camera-to-measure-temperature-cdpr200\/"]}]},{"@type":"ImageObject","inLanguage":"en-US","@id":"https:\/\/www.adtecso.com\/en\/product\/portable-professional-camera-to-measure-temperature-cdpr200\/#primaryimage","url":"https:\/\/www.adtecso.com\/shop\/wp-content\/uploads\/2020\/05\/C\u00e1mara-para-medici\u00f3n-de-temperatura-port\u00e1til-CDP-R200_5.jpg","contentUrl":"https:\/\/www.adtecso.com\/shop\/wp-content\/uploads\/2020\/05\/C\u00e1mara-para-medici\u00f3n-de-temperatura-port\u00e1til-CDP-R200_5.jpg","width":399,"height":361,"caption":"C\u00e1mara para medici\u00f3n de temperatura port\u00e1til CDP-R200"},{"@type":"BreadcrumbList","@id":"https:\/\/www.adtecso.com\/en\/product\/portable-professional-camera-to-measure-temperature-cdpr200\/#breadcrumb","itemListElement":[{"@type":"ListItem","position":1,"name":"Portada","item":"https:\/\/www.adtecso.com\/en\/"},{"@type":"ListItem","position":2,"name":"Shop","item":"https:\/\/www.adtecso.com\/en\/shop\/"},{"@type":"ListItem","position":3,"name":"Portable professional camera to measure temperature CDPR200"}]},{"@type":"WebSite","@id":"https:\/\/www.adtecso.com\/en\/#website","url":"https:\/\/www.adtecso.com\/en\/","name":"adtecso.com","description":"Advanced Wellness Technology","publisher":{"@id":"https:\/\/www.adtecso.com\/en\/#organization"},"potentialAction":[{"@type":"SearchAction","target":{"@type":"EntryPoint","urlTemplate":"https:\/\/www.adtecso.com\/en\/?s={search_term_string}"},"query-input":{"@type":"PropertyValueSpecification","valueRequired":true,"valueName":"search_term_string"}}],"inLanguage":"en-US"},{"@type":"Organization","@id":"https:\/\/www.adtecso.com\/en\/#organization","name":"Adtecso","url":"https:\/\/www.adtecso.com\/en\/","logo":{"@type":"ImageObject","inLanguage":"en-US","@id":"https:\/\/www.adtecso.com\/en\/#\/schema\/logo\/image\/","url":"https:\/\/www.adtecso.com\/shop\/wp-content\/uploads\/2024\/02\/cropped-logo_acteso.jpg","contentUrl":"https:\/\/www.adtecso.com\/shop\/wp-content\/uploads\/2024\/02\/cropped-logo_acteso.jpg","width":1359,"height":282,"caption":"Adtecso"},"image":{"@id":"https:\/\/www.adtecso.com\/en\/#\/schema\/logo\/image\/"},"sameAs":["https:\/\/www.youtube.com\/user\/cdpsaes\/videos"]}]}},"featured_img":"https:\/\/www.adtecso.com\/shop\/wp-content\/uploads\/2020\/05\/C\u00e1mara-para-medici\u00f3n-de-temperatura-port\u00e1til-CDP-R200_5.jpg","coauthors":[],"author_meta":{"author_link":"https:\/\/www.adtecso.com\/en\/author\/adtecso\/","display_name":"Adtecso"},"relative_dates":{"created":"Posted 6 years ago","modified":"Updated 2 years ago"},"absolute_dates":{"created":"Posted on 3 June, 2020","modified":"Updated on 27 March, 2024"},"absolute_dates_time":{"created":"Posted on 3 June, 2020 20:12","modified":"Updated on 27 March, 2024 12:49"},"featured_img_caption":"","tax_additional":{"product_brand":{"linked":[],"unlinked":[],"slug":"product_brand","name":"Brands"},"product_type":{"linked":["<a href=\"https:\/\/www.adtecso.com\/en\/?taxonomy=product_type&#038;term=simple\" class=\"advgb-post-tax-term\">simple<\/a>"],"unlinked":["<span class=\"advgb-post-tax-term\">simple<\/span>"],"slug":"product_type","name":"Product type"},"product_visibility":{"linked":[],"unlinked":[],"slug":"product_visibility","name":"Product visibility"},"product_cat":{"linked":["<a href=\"https:\/\/www.adtecso.com\/en\/product-categories\/capacity-control-systems-and-thermographic-cameras\/\" class=\"advgb-post-tax-term\">Capacity control systems and thermographic cameras<\/a>","<a href=\"https:\/\/www.adtecso.com\/en\/product-categories\/thermometers-and-other-measuring-instruments\/\" class=\"advgb-post-tax-term\">Thermometers and other measuring instruments<\/a>"],"unlinked":["<span class=\"advgb-post-tax-term\">Capacity control systems and thermographic cameras<\/span>","<span class=\"advgb-post-tax-term\">Thermometers and other measuring instruments<\/span>"],"slug":"product_cat","name":"Product categories"},"product_tag":{"linked":["<a href=\"https:\/\/www.adtecso.com\/en\/product-tags\/termometro-en\/\" class=\"advgb-post-tax-term\">term\u00f3metro<\/a>"],"unlinked":["<span class=\"advgb-post-tax-term\">term\u00f3metro<\/span>"],"slug":"product_tag","name":"Product tags"},"product_shipping_class":{"linked":[],"unlinked":[],"slug":"product_shipping_class","name":"Product shipping classes"},"pos_product_visibility":{"linked":[],"unlinked":[],"slug":"pos_product_visibility","name":"POS Product visibility"},"pa_alto":{"linked":[],"unlinked":[],"slug":"pa_alto","name":"Product Alto"},"pa_ancho":{"linked":[],"unlinked":[],"slug":"pa_ancho","name":"Product Ancho"},"pa_cantidad":{"linked":[],"unlinked":[],"slug":"pa_cantidad","name":"Product Selecciona Cantidad"},"pa_capacidad":{"linked":[],"unlinked":[],"slug":"pa_capacidad","name":"Product Capacidad"},"pa_color":{"linked":[],"unlinked":[],"slug":"pa_color","name":"Product Color"},"pa_icu":{"linked":[],"unlinked":[],"slug":"pa_icu","name":"Product Procesador"},"pa_peso":{"linked":[],"unlinked":[],"slug":"pa_peso","name":"Product Peso"},"pa_profundo":{"linked":[],"unlinked":[],"slug":"pa_profundo","name":"Product Profundo"},"pa_tomaauriculares":{"linked":[],"unlinked":[],"slug":"pa_tomaauriculares","name":"Product Toma auriculares"},"translation_priority":{"linked":["<a href=\"https:\/\/www.adtecso.com\/en\/?taxonomy=translation_priority&#038;term=optional\" class=\"advgb-post-tax-term\">Optional<\/a>"],"unlinked":["<span class=\"advgb-post-tax-term\">Optional<\/span>"],"slug":"translation_priority","name":"Translation Priorities"}},"series_order":"","_links":{"self":[{"href":"https:\/\/www.adtecso.com\/en\/wp-json\/wp\/v2\/product\/484076","targetHints":{"allow":["GET"]}}],"collection":[{"href":"https:\/\/www.adtecso.com\/en\/wp-json\/wp\/v2\/product"}],"about":[{"href":"https:\/\/www.adtecso.com\/en\/wp-json\/wp\/v2\/types\/product"}],"wp:featuredmedia":[{"embeddable":true,"href":"https:\/\/www.adtecso.com\/en\/wp-json\/wp\/v2\/media\/484065"}],"wp:attachment":[{"href":"https:\/\/www.adtecso.com\/en\/wp-json\/wp\/v2\/media?parent=484076"}],"wp:term":[{"taxonomy":"product_brand","embeddable":true,"href":"https:\/\/www.adtecso.com\/en\/wp-json\/wp\/v2\/product_brand?post=484076"},{"taxonomy":"product_cat","embeddable":true,"href":"https:\/\/www.adtecso.com\/en\/wp-json\/wp\/v2\/product_cat?post=484076"},{"taxonomy":"product_tag","embeddable":true,"href":"https:\/\/www.adtecso.com\/en\/wp-json\/wp\/v2\/product_tag?post=484076"}],"curies":[{"name":"wp","href":"https:\/\/api.w.org\/{rel}","templated":true}]}}