{"id":33304,"date":"2013-05-19T13:22:49","date_gmt":"2013-05-19T13:22:49","guid":{"rendered":"https:\/\/adtecso.com\/shop\/international-distributors\/"},"modified":"2025-11-24T19:31:24","modified_gmt":"2025-11-24T18:31:24","slug":"international-distributors","status":"publish","type":"page","link":"https:\/\/www.adtecso.com\/en\/international-distributors\/","title":{"rendered":"International distributors"},"content":{"rendered":"\n<figure class=\"wp-block-image\"><img decoding=\"async\" src=\"https:\/\/www.adtecso.com\/shop\/wp-content\/uploads\/2019\/04\/distribuidoresinternacionales.jpg\" alt=\"mapa mundo distribuidores internacionales\"\/><\/figure>\n\n\n\n<p class=\"has-text-align-left\"><\/p>\n\n\n\n<p><strong>Adtecso works with a broad network of international distributors in both America and Europe.<\/strong><\/p>\n\n\n\n<p>The success of Adtecso\u2019s products in Spain has produced a growing interest of foreign companies in the USA, Europe (France, Austria, Germany, the Netherlands, United Kingdom, Ireland, Portugal, Greece, the Czech Republic, etc) and other Latin American countries (Argentina, Mexico, Chile, Peru, Colombia, Costa Rica, Dominican Republic, etc.) contributing to a globalization of our company and its consolidation in new markets.<\/p>\n\n\n\n<p>A listing of these international distributors is shown next:<\/p>\n\n\n\n<p><strong>AFRICA:<\/strong><\/p>\n\n\n\n<p><em><u>Libya:<\/u><\/em><br>Al-Mustaqbal Al-Mashraq Med. Co. For Equipments &amp; Supplies<br>Mansheya Street. Tripoli ( Libya )<br>Telfs\/Fax +2180927800977<\/p>\n\n\n\n<p><em><u>Angola:<\/u><\/em><br>VIA ANGOLANA &#8211; IMPORTA\u00c7\u00c3O E EXPORTA\u00c7\u00c3O, LDA<br>RUA DAS FERRARIAS DEL REI, 21 LOJA A<br>2730-269 BARCARENA<br>Email: viaangolana@gmail.com<br>TEL: +351 215833058 \/ 914648504<\/p>\n\n\n\n<p><strong>AMERICA:<\/strong><\/p>\n\n\n\n<p><span style=\"text-decoration: underline;\">Colombia:<\/span><br>Centro de formaci\u00f3n y Distribuci\u00f3n<br><em>EQUIPOS Y MEDICIONES T\u00c9CNICAS LTDA<\/em><br><a href=\"http:\/\/www.equiposymediciones.com\/\" target=\"_blank\" rel=\"noopener noreferrer\">http:\/\/www.equiposymediciones.com\/<\/a><br><a href=\"https:\/\/onac.org.co\/certificados\/19-LAC-017.pdf\" target=\"_blank\" rel=\"noopener\">https:\/\/onac.org.co\/certificados\/19-LAC-017.pdf<\/a><\/p>\n\n\n\n<p><span style=\"text-decoration: underline;\">Venezuela:<\/span><br>Centro de Distribuci\u00f3n<br><em>CORPORACI\u00d3N MODUL SISTEMS C.A.<\/em><br><a href=\"http:\/\/alcoholimetros.com.ve\/\" target=\"_blank\" rel=\"noopener noreferrer\">http:\/\/alcoholimetros.com.ve\/<\/a><\/p>\n\n\n\n<p><span style=\"text-decoration: underline;\">Argentina:<\/span><br><em>ID Group<\/em><br>Te. (5411) 5236-9800 celular: 5411 69747379<br>credenciales@idgroup.com.ar<br><a href=\"https:\/\/www.idgroup.com.ar\" target=\"_blank\" rel=\"noreferrer noopener\">www.idgroup.com.ar<\/a><\/p>\n\n\n<div class=\"wp-block-image\">\n<figure class=\"alignright\"><img decoding=\"async\" src=\"https:\/\/www.adtecso.com\/shop\/wp-content\/uploads\/2019\/04\/distribuidores2.jpg\" alt=\"manos unidas distribuidores internacionales\"\/><\/figure>\n<\/div>\n\n\n<p><span style=\"text-decoration: underline;\">Paraguay:<\/span><br><em>CHACO INTERNACIONAL PARAGUAY<\/em><br><a href=\"http:\/\/www.chacointernacional.com.py\/\" target=\"_blank\" rel=\"noopener noreferrer\">http:\/\/www.chacointernacional.com.py\/<\/a><\/p>\n\n\n\n<p><span style=\"text-decoration: underline;\">Per\u00fa:<\/span><br><em>CTM TECNOLOGIA Y CONTROL&nbsp;<\/em><br><a href=\"http:\/\/www.ctm-tectrol.com\/\" target=\"_blank\" rel=\"noopener noreferrer\">http:\/\/www.ctm-tectrol.com\/<\/a><\/p>\n\n\n\n<p><em>INDUSTRIALES QUI\u00d1ONESS.A.C.<br><\/em><a href=\"http:\/\/www.iqsac.com.pe\/alcoholimetros-productos.html\" target=\"_blank\" rel=\"noopener noreferrer\">http:\/\/www.iqsac.com.pe\/alcoholimetros-productos.html\/<\/a><\/p>\n\n\n\n<p><span style=\"text-decoration: underline;\">Costa Rica:<\/span><br>Grupo S Las Condes S.A.<br>Tel\u00e9fonos: (+506) 22571356 \/ (+506) 8367-7777 \/ (+506) 88105201.<br>Email: <a href=\"mailto:info@grupolascondes.com\">info@grupolascondes.com<\/a> \/ <a href=\"mailto:esteban.escalante@gmail.com\">esteban.escalante@gmail.com<\/a><br>Facebook:<a href=\"https:\/\/www.facebook.com\/AlcoholimetrosCostaRica\">https:\/\/www.facebook.com\/AlcoholimetrosCostaRica<\/a><br>Direcci\u00f3n: Avenida Central y calle27. Edificio color blanco de dos plantas a mano izquierda #0022, Oficina #3. Barrio La California, San Jos\u00e9, Costa Rica.<\/p>\n\n\n\n<p><em>SEMSA. Servicios Electrom\u00e9dicos del Este SEM S.A.<\/em><br>Tel\u00e9fono: (506) 2248-0308.<br>M\u00f3vil: (506) 8367-7777<br>Email: <a href=\"mailto:info@semsa.co\">info@semsa.co<\/a><br>URL: <a href=\"#2575.%20Casa%20azul%20con%20blanco%20de%20dos%20plantas%20a%20mano%20izquierda.%20Barrio%20Escalante,%20San%20Jos%C3%A9,%20Costa%20Rica.\" target=\"_blank\" rel=\"noopener noreferrer\">www.semsa.co<\/a><br>Direcci\u00f3n: Avenida 3ra, calle25, Casa #2575. Casa azul con blanco de dos plantas a mano izquierda.<br>Barrio Escalante, San Jos\u00e9, Costa Rica.<\/p>\n\n\n\n<p><span style=\"text-decoration: underline;\">Rep\u00fablica Dominicana<\/span>:<br><em>VILALTA TECHNOLOGY,S.A.<\/em><br><a href=\"http:\/\/www.vil-techcommunication.weebly.com\/\" target=\"_blank\" rel=\"noopener noreferrer\">http:\/\/www.vil-techcommunication.weebly.com\/<\/a><\/p>\n\n\n\n<p><span style=\"text-decoration: underline;\">Bolivia:<\/span><br><em>PROVEEDUR\u00cdA INDUSTRIAL<\/em><br><a href=\"http:\/\/www.proveeduriaindustrial.com\/\" target=\"_blank\" rel=\"noopener noreferrer\">http:\/\/www.proveeduriaindustrial.com\/<\/a><br>Tel&nbsp; : 00591 &#8211; 3-344 9595 &#8211; Fax 3- 345-5101<br>Cel : 00591 &#8211; 77655444&nbsp; &#8211;<br>Email :&nbsp;<a href=\"mailto:ventas@proveeduriaindustrial.com\">ventas@proveeduriaindustrial.com<\/a><br>Casilla Postal : N\u00ba 1333 &#8211; Santa Cruz<\/p>\n\n\n\n<p><em>BioTECNO Ltda.<\/em><br>Calle Pero V\u00e9lez No. 41<br>Santa Cruz &#8211; Bolivia<br>Movil: +591 690 52054<br>Telf. +591 3355 6750<br>Fax: +591 3355 6417<br>www. biotecno.com.bo<br>email: <a href=\"mailto:info@biotecno.com.bo\">info@biotecno.com.bo<\/a><\/p>\n\n\n\n<p><em><span style=\"text-decoration: underline;\">Panam\u00e1:<\/span><\/em><br><em>V9 IMPORTS S.A. <\/em><br>Calle 50 y Avenida Justo Arosemena. Edificio Artimuebles Local 2.<br>Bellavista. Ciudad de Panam\u00e1, Rep\u00fablica de Panam\u00e1<br>Contacto: Roberto Ruiz D\u00edaz<br>Tel. 507- 6239 4668<br>507- 263 6601<br><a href=\"mailto:V9imports@gmail.com\">V9imports@gmail.com<\/a><br><a href=\"mailto:Robertoruiz0202@gmail.com\">Robertoruiz0202@gmail.com<\/a><\/p>\n\n\n\n<p><span style=\"text-decoration: underline;\"><em>Chile:<\/em><\/span><br>SERVICIOS GENERALES PLANTA S.A. &#8211; GPS S.A.<br>Llano Subercaseaux 3791 Of. 307 &#8211; San Miguel<br>Santiago &#8211; Chile<br>Tel.: (56-2) 324 50 464<br>e-mail:&nbsp;<a href=\"mailto:gpssa@gpssa.cl\">gpssa@gpssa.cl<\/a><br>web:&nbsp;<a href=\"http:\/\/www.gpssa.cl\">www.gpssa.cl<\/a><\/p>\n\n\n\n<p><em><span style=\"text-decoration: underline;\">Ecuador:<\/span><\/em><br>Raz\u00f3n Social: <strong>Manuel Ramiro, Baez Egas <\/strong><br>RUC: <strong>1708330137001<\/strong><br>Nombre Comercial: <strong>Smart Companyx Business<\/strong><br>Fecha de inicio de actividades:<strong>01\/04\/1992<\/strong><br>PICHINCHA\/ QUITO\/ COTOCOLLAO<br>email : <a href=\"mailto:smartcompanyx@yahoo.com\">smartcompanyx@yahoo.com<\/a><br>Tel\u00e9fono &nbsp;: 025136833<\/p>\n\n\n\n<p><strong>EUROPA:<\/strong><\/p>\n\n\n<div class=\"wp-block-image\">\n<figure class=\"alignright\"><img decoding=\"async\" src=\"https:\/\/www.adtecso.com\/shop\/wp-content\/uploads\/2019\/04\/distribuidores3.jpg\" alt=\"manos simulando el mundo distribuidores internacionales\"\/><\/figure>\n<\/div>\n\n\n<p><span style=\"text-decoration: underline;\">Islas Canarias:<\/span><br><em>GLOBAL EMERGENCIAS<\/em><br><a href=\"http:\/\/www.globalemergencias.com\" target=\"_blank\" rel=\"noopener noreferrer\">http:\/\/www.globalemergencias.com<\/a><br>Raimundo Lulio, 98 La Pardilla 35216 Telde &#8211; Las Palmas &#8211; Espa\u00f1a<br><a href=\"mailto:info@globalemergencias.com\">info@globalemergencias.com<\/a><br>Tel: +34 828 013 093 \/ +34 629 06 75 73<\/p>\n\n\n\n<p><span style=\"text-decoration: underline;\">Portugal:<\/span><br><em>CLINICASE<\/em><br><a href=\"http:\/\/www.clinicase.pt\/\" target=\"_blank\" rel=\"noopener noreferrer\">http:\/\/www.clinicase.pt\/<\/a><\/p>\n\n\n\n<p><span style=\"text-decoration: underline;\">Montenegro:<\/span><br><em>CONTOT<\/em><a href=\"http:\/\/www.contot.com\/\" target=\"_blank\" rel=\"noopener noreferrer\"><br>http:\/\/www.contot.com\/<\/a><\/p>\n\n\n\n<p><span style=\"text-decoration: underline;\">Andorra<\/span><br><em>Engrup S.A.<\/em><br>A-701424-D<br>Direcci\u00f3n: Crta. La comella N\u00ba 29 Edifici El Ribal<br>Andorra la vella<br>AD500<br>Andorra la vella<br>Tel\u00e9fono: 00376 800410<br>Fax: 00376 825693<br><strong><a href=\"http:\/\/www.engrup.com\/\" target=\"_blank\" rel=\"noopener noreferrer\">http:\/\/www.engrup.com\/<\/a><\/strong><\/p>\n\n\n\n<p><u>A<\/u><u>lbania<br><\/u>LEL MEDICAL Sh.P.K<br>NIPT K81917006T<br>Adress: Rruga &#8220;Elbasanit&#8221;, Vila nr 7<br>Sauk, TIRANE, Albania<\/p>\n\n\n\n<p><u>Romania<br><\/u>DYOMEDICA CND SRL<br>Address of headquarter: 264, Bucuresti Boulevard, Ploiesti City, Prahova County<br>Address of Branch Office: 59, Nicolae Caramfil Street, District 1, Bucharest.<br><strong>www.dyomedicacnd.ro<\/strong><\/p>\n\n\n\n<p><strong>MIDDLE EAST:<\/strong><\/p>\n\n\n\n<p><u><em>Kingdom of Saudi Arabia<\/em><\/u><\/p>\n\n\n\n<p><strong>Shams Advanced Medical Supplies company |Kingdom of Saudi Arabia<\/strong><br>(&nbsp;Tel:&nbsp;+966 (12) 674-2918 EXT:221&nbsp;|&nbsp;<br>(&nbsp;Fax:&nbsp;+966 (12) 224-4444&nbsp;|&nbsp;|&nbsp;<a href=\"http:\/\/shamsmed.com\/\">Visit our web sit<\/a>e<\/p>\n\n\n\n<figure class=\"wp-block-image size-full\"><img loading=\"lazy\" decoding=\"async\" width=\"94\" height=\"104\" src=\"https:\/\/www.adtecso.com\/shop\/wp-content\/uploads\/2025\/11\/shasmed.png\" alt=\"shasmed\" class=\"wp-image-494978\"\/><\/figure>\n\n\n\n<p><u><em>Kingdom of Bahrain<\/em><\/u><\/p>\n\n\n\n<p><strong>Gulf Corporation for Technology<\/strong><\/p>\n\n\n\n<p>Office:&nbsp;<a href=\"tel:+973%2017%20239%20399\">+973 17 239 399<\/a><br>Fax: +973 17 232 230<br>General:&nbsp;<a href=\"mailto:office@gctbahrain.com\">office@gctbahrain.com<\/a><br>Building 2038, Road 4156,<br>Block 341, Juffair,<br>P.O. Box 2576, Bahrain.<\/p>\n\n\n\n<figure class=\"wp-block-image size-full is-resized\"><img loading=\"lazy\" decoding=\"async\" width=\"584\" height=\"145\" src=\"https:\/\/www.adtecso.com\/shop\/wp-content\/uploads\/2023\/09\/gctBahrain-.jpg\" alt=\"\" class=\"wp-image-489847\" style=\"width:468px;height:auto\" srcset=\"https:\/\/www.adtecso.com\/shop\/wp-content\/uploads\/2023\/09\/gctBahrain-.jpg 584w, https:\/\/www.adtecso.com\/shop\/wp-content\/uploads\/2023\/09\/gctBahrain--300x74.jpg 300w, https:\/\/www.adtecso.com\/shop\/wp-content\/uploads\/2023\/09\/gctBahrain--416x103.jpg 416w\" sizes=\"auto, (max-width: 584px) 100vw, 584px\" \/><\/figure>\n\n\n\n<p><em><span style=\"text-decoration: underline;\">Irak<\/span><\/em><\/p>\n\n\n\n<p><a><strong>AL ITKAN<\/strong><\/a><br><strong>8C4W+M7R\u060c \u0634\u0627\u0631\u0639 62, Baghdad<\/strong><br><a href=\"https:\/\/alitkan.com\/\">https:\/\/alitkan.com\/<\/a><\/p>\n\n\n\n<figure class=\"wp-block-image size-full\"><img loading=\"lazy\" decoding=\"async\" width=\"277\" height=\"96\" src=\"https:\/\/www.adtecso.com\/shop\/wp-content\/uploads\/2023\/09\/Alitkan_Irak-.jpg\" alt=\"\" class=\"wp-image-489849\"\/><\/figure>\n","protected":false},"excerpt":{"rendered":"<p>Adtecso works with a broad network of international distributors in both America and Europe. The success of Adtecso\u2019s products in Spain has produced a growing interest of foreign companies in the USA, Europe (France, Austria, Germany, the Netherlands, United Kingdom, Ireland, Portugal, Greece, the Czech Republic, etc) and other Latin American countries (Argentina, Mexico, Chile, [&hellip;]<\/p>\n","protected":false},"author":1,"featured_media":0,"parent":0,"menu_order":10,"comment_status":"closed","ping_status":"closed","template":"","meta":{"_acf_changed":false,"advgb_blocks_editor_width":"","advgb_blocks_columns_visual_guide":"","footnotes":""},"class_list":["post-33304","page","type-page","status-publish","hentry"],"acf":[],"yoast_head":"<!-- This site is optimized with the Yoast SEO plugin v27.5 - https:\/\/yoast.com\/product\/yoast-seo-wordpress\/ -->\n<title>Adtecso International distributors<\/title>\n<meta name=\"description\" content=\"Adtecso International distributors\" \/>\n<meta name=\"robots\" content=\"index, follow, max-snippet:-1, max-image-preview:large, max-video-preview:-1\" \/>\n<link rel=\"canonical\" href=\"https:\/\/www.adtecso.com\/en\/international-distributors\/\" \/>\n<meta property=\"og:locale\" content=\"en_US\" \/>\n<meta property=\"og:type\" content=\"article\" \/>\n<meta property=\"og:title\" content=\"Adtecso International distributors\" \/>\n<meta property=\"og:description\" content=\"Adtecso International distributors\" \/>\n<meta property=\"og:url\" content=\"https:\/\/www.adtecso.com\/en\/international-distributors\/\" \/>\n<meta property=\"og:site_name\" content=\"Adtecso - ADVANCED TECSO, S.L.\" \/>\n<meta property=\"article:modified_time\" content=\"2025-11-24T18:31:24+00:00\" \/>\n<meta property=\"og:image\" content=\"https:\/\/www.adtecso.com\/shop\/wp-content\/uploads\/2019\/04\/distribuidoresinternacionales.jpg\" \/>\n<meta name=\"twitter:card\" content=\"summary_large_image\" \/>\n<meta name=\"twitter:label1\" content=\"Est. reading time\" \/>\n\t<meta name=\"twitter:data1\" content=\"4 minutes\" \/>\n<script type=\"application\/ld+json\" class=\"yoast-schema-graph\">{\"@context\":\"https:\\\/\\\/schema.org\",\"@graph\":[{\"@type\":\"WebPage\",\"@id\":\"https:\\\/\\\/www.adtecso.com\\\/en\\\/international-distributors\\\/\",\"url\":\"https:\\\/\\\/www.adtecso.com\\\/en\\\/international-distributors\\\/\",\"name\":\"Adtecso International distributors\",\"isPartOf\":{\"@id\":\"https:\\\/\\\/www.adtecso.com\\\/en\\\/#website\"},\"primaryImageOfPage\":{\"@id\":\"https:\\\/\\\/www.adtecso.com\\\/en\\\/international-distributors\\\/#primaryimage\"},\"image\":{\"@id\":\"https:\\\/\\\/www.adtecso.com\\\/en\\\/international-distributors\\\/#primaryimage\"},\"thumbnailUrl\":\"https:\\\/\\\/www.adtecso.com\\\/shop\\\/wp-content\\\/uploads\\\/2019\\\/04\\\/distribuidoresinternacionales.jpg\",\"datePublished\":\"2013-05-19T13:22:49+00:00\",\"dateModified\":\"2025-11-24T18:31:24+00:00\",\"description\":\"Adtecso International distributors\",\"breadcrumb\":{\"@id\":\"https:\\\/\\\/www.adtecso.com\\\/en\\\/international-distributors\\\/#breadcrumb\"},\"inLanguage\":\"en-US\",\"potentialAction\":[{\"@type\":\"ReadAction\",\"target\":[\"https:\\\/\\\/www.adtecso.com\\\/en\\\/international-distributors\\\/\"]}]},{\"@type\":\"ImageObject\",\"inLanguage\":\"en-US\",\"@id\":\"https:\\\/\\\/www.adtecso.com\\\/en\\\/international-distributors\\\/#primaryimage\",\"url\":\"https:\\\/\\\/www.adtecso.com\\\/shop\\\/wp-content\\\/uploads\\\/2019\\\/04\\\/distribuidoresinternacionales.jpg\",\"contentUrl\":\"https:\\\/\\\/www.adtecso.com\\\/shop\\\/wp-content\\\/uploads\\\/2019\\\/04\\\/distribuidoresinternacionales.jpg\"},{\"@type\":\"BreadcrumbList\",\"@id\":\"https:\\\/\\\/www.adtecso.com\\\/en\\\/international-distributors\\\/#breadcrumb\",\"itemListElement\":[{\"@type\":\"ListItem\",\"position\":1,\"name\":\"Portada\",\"item\":\"https:\\\/\\\/www.adtecso.com\\\/en\\\/\"},{\"@type\":\"ListItem\",\"position\":2,\"name\":\"International distributors\"}]},{\"@type\":\"WebSite\",\"@id\":\"https:\\\/\\\/www.adtecso.com\\\/en\\\/#website\",\"url\":\"https:\\\/\\\/www.adtecso.com\\\/en\\\/\",\"name\":\"adtecso.com\",\"description\":\"Advanced Wellness Technology\",\"publisher\":{\"@id\":\"https:\\\/\\\/www.adtecso.com\\\/en\\\/#organization\"},\"potentialAction\":[{\"@type\":\"SearchAction\",\"target\":{\"@type\":\"EntryPoint\",\"urlTemplate\":\"https:\\\/\\\/www.adtecso.com\\\/en\\\/?s={search_term_string}\"},\"query-input\":{\"@type\":\"PropertyValueSpecification\",\"valueRequired\":true,\"valueName\":\"search_term_string\"}}],\"inLanguage\":\"en-US\"},{\"@type\":\"Organization\",\"@id\":\"https:\\\/\\\/www.adtecso.com\\\/en\\\/#organization\",\"name\":\"Adtecso\",\"url\":\"https:\\\/\\\/www.adtecso.com\\\/en\\\/\",\"logo\":{\"@type\":\"ImageObject\",\"inLanguage\":\"en-US\",\"@id\":\"https:\\\/\\\/www.adtecso.com\\\/en\\\/#\\\/schema\\\/logo\\\/image\\\/\",\"url\":\"https:\\\/\\\/www.adtecso.com\\\/shop\\\/wp-content\\\/uploads\\\/2024\\\/02\\\/cropped-logo_acteso.jpg\",\"contentUrl\":\"https:\\\/\\\/www.adtecso.com\\\/shop\\\/wp-content\\\/uploads\\\/2024\\\/02\\\/cropped-logo_acteso.jpg\",\"width\":1359,\"height\":282,\"caption\":\"Adtecso\"},\"image\":{\"@id\":\"https:\\\/\\\/www.adtecso.com\\\/en\\\/#\\\/schema\\\/logo\\\/image\\\/\"},\"sameAs\":[\"https:\\\/\\\/www.youtube.com\\\/user\\\/cdpsaes\\\/videos\"]}]}<\/script>\n<!-- \/ Yoast SEO plugin. -->","yoast_head_json":{"title":"Adtecso International distributors","description":"Adtecso International distributors","robots":{"index":"index","follow":"follow","max-snippet":"max-snippet:-1","max-image-preview":"max-image-preview:large","max-video-preview":"max-video-preview:-1"},"canonical":"https:\/\/www.adtecso.com\/en\/international-distributors\/","og_locale":"en_US","og_type":"article","og_title":"Adtecso International distributors","og_description":"Adtecso International distributors","og_url":"https:\/\/www.adtecso.com\/en\/international-distributors\/","og_site_name":"Adtecso - ADVANCED TECSO, S.L.","article_modified_time":"2025-11-24T18:31:24+00:00","og_image":[{"url":"https:\/\/www.adtecso.com\/shop\/wp-content\/uploads\/2019\/04\/distribuidoresinternacionales.jpg","type":"","width":"","height":""}],"twitter_card":"summary_large_image","twitter_misc":{"Est. reading time":"4 minutes"},"schema":{"@context":"https:\/\/schema.org","@graph":[{"@type":"WebPage","@id":"https:\/\/www.adtecso.com\/en\/international-distributors\/","url":"https:\/\/www.adtecso.com\/en\/international-distributors\/","name":"Adtecso International distributors","isPartOf":{"@id":"https:\/\/www.adtecso.com\/en\/#website"},"primaryImageOfPage":{"@id":"https:\/\/www.adtecso.com\/en\/international-distributors\/#primaryimage"},"image":{"@id":"https:\/\/www.adtecso.com\/en\/international-distributors\/#primaryimage"},"thumbnailUrl":"https:\/\/www.adtecso.com\/shop\/wp-content\/uploads\/2019\/04\/distribuidoresinternacionales.jpg","datePublished":"2013-05-19T13:22:49+00:00","dateModified":"2025-11-24T18:31:24+00:00","description":"Adtecso International distributors","breadcrumb":{"@id":"https:\/\/www.adtecso.com\/en\/international-distributors\/#breadcrumb"},"inLanguage":"en-US","potentialAction":[{"@type":"ReadAction","target":["https:\/\/www.adtecso.com\/en\/international-distributors\/"]}]},{"@type":"ImageObject","inLanguage":"en-US","@id":"https:\/\/www.adtecso.com\/en\/international-distributors\/#primaryimage","url":"https:\/\/www.adtecso.com\/shop\/wp-content\/uploads\/2019\/04\/distribuidoresinternacionales.jpg","contentUrl":"https:\/\/www.adtecso.com\/shop\/wp-content\/uploads\/2019\/04\/distribuidoresinternacionales.jpg"},{"@type":"BreadcrumbList","@id":"https:\/\/www.adtecso.com\/en\/international-distributors\/#breadcrumb","itemListElement":[{"@type":"ListItem","position":1,"name":"Portada","item":"https:\/\/www.adtecso.com\/en\/"},{"@type":"ListItem","position":2,"name":"International distributors"}]},{"@type":"WebSite","@id":"https:\/\/www.adtecso.com\/en\/#website","url":"https:\/\/www.adtecso.com\/en\/","name":"adtecso.com","description":"Advanced Wellness Technology","publisher":{"@id":"https:\/\/www.adtecso.com\/en\/#organization"},"potentialAction":[{"@type":"SearchAction","target":{"@type":"EntryPoint","urlTemplate":"https:\/\/www.adtecso.com\/en\/?s={search_term_string}"},"query-input":{"@type":"PropertyValueSpecification","valueRequired":true,"valueName":"search_term_string"}}],"inLanguage":"en-US"},{"@type":"Organization","@id":"https:\/\/www.adtecso.com\/en\/#organization","name":"Adtecso","url":"https:\/\/www.adtecso.com\/en\/","logo":{"@type":"ImageObject","inLanguage":"en-US","@id":"https:\/\/www.adtecso.com\/en\/#\/schema\/logo\/image\/","url":"https:\/\/www.adtecso.com\/shop\/wp-content\/uploads\/2024\/02\/cropped-logo_acteso.jpg","contentUrl":"https:\/\/www.adtecso.com\/shop\/wp-content\/uploads\/2024\/02\/cropped-logo_acteso.jpg","width":1359,"height":282,"caption":"Adtecso"},"image":{"@id":"https:\/\/www.adtecso.com\/en\/#\/schema\/logo\/image\/"},"sameAs":["https:\/\/www.youtube.com\/user\/cdpsaes\/videos"]}]}},"coauthors":[],"author_meta":{"author_link":"https:\/\/www.adtecso.com\/en\/author\/adtecso\/","display_name":"Adtecso"},"relative_dates":{"created":"Posted 13 years ago","modified":"Updated 5 months ago"},"absolute_dates":{"created":"Posted on 19 May, 2013","modified":"Updated on 24 November, 2025"},"absolute_dates_time":{"created":"Posted on 19 May, 2013 13:22","modified":"Updated on 24 November, 2025 19:31"},"featured_img_caption":"","featured_img":false,"series_order":"","_links":{"self":[{"href":"https:\/\/www.adtecso.com\/en\/wp-json\/wp\/v2\/pages\/33304","targetHints":{"allow":["GET"]}}],"collection":[{"href":"https:\/\/www.adtecso.com\/en\/wp-json\/wp\/v2\/pages"}],"about":[{"href":"https:\/\/www.adtecso.com\/en\/wp-json\/wp\/v2\/types\/page"}],"author":[{"embeddable":true,"href":"https:\/\/www.adtecso.com\/en\/wp-json\/wp\/v2\/users\/1"}],"replies":[{"embeddable":true,"href":"https:\/\/www.adtecso.com\/en\/wp-json\/wp\/v2\/comments?post=33304"}],"version-history":[{"count":0,"href":"https:\/\/www.adtecso.com\/en\/wp-json\/wp\/v2\/pages\/33304\/revisions"}],"wp:attachment":[{"href":"https:\/\/www.adtecso.com\/en\/wp-json\/wp\/v2\/media?parent=33304"}],"curies":[{"name":"wp","href":"https:\/\/api.w.org\/{rel}","templated":true}]}}